{"id":11,"date":"2022-10-30T11:25:16","date_gmt":"2022-10-30T11:25:16","guid":{"rendered":"https:\/\/ergotherapie-andrae.at\/?page_id=11"},"modified":"2026-04-01T20:44:24","modified_gmt":"2026-04-01T20:44:24","slug":"ueber-mich","status":"publish","type":"page","link":"https:\/\/ergotherapie-andrae.at\/?page_id=11","title":{"rendered":"Team"},"content":{"rendered":"\n<h1 class=\"wp-block-heading\">Stephanie Andr\u00e4<\/h1>\n\n\n\n<p>Ergotherapeutin und Handtherapeutin<\/p>\n\n\n\n<h2 class=\"wp-block-heading\">Pers\u00f6nliches<\/h2>\n\n\n<div class=\"wp-block-image\">\n<figure class=\"alignleft size-large is-resized\"><img loading=\"lazy\" decoding=\"async\" width=\"1024\" height=\"684\" src=\"https:\/\/ergotherapie-andrae.at\/wordpress\/wp-content\/uploads\/2026\/01\/BBD0EBBC-0952-47A0-92D0-56FE213E6A68_1_105_c-1024x684.jpeg\" alt=\"\" class=\"wp-image-111\" style=\"aspect-ratio:1.4970972218288918;width:403px;height:auto\" srcset=\"https:\/\/ergotherapie-andrae.at\/wordpress\/wp-content\/uploads\/2026\/01\/BBD0EBBC-0952-47A0-92D0-56FE213E6A68_1_105_c-1024x684.jpeg 1024w, https:\/\/ergotherapie-andrae.at\/wordpress\/wp-content\/uploads\/2026\/01\/BBD0EBBC-0952-47A0-92D0-56FE213E6A68_1_105_c-300x200.jpeg 300w, https:\/\/ergotherapie-andrae.at\/wordpress\/wp-content\/uploads\/2026\/01\/BBD0EBBC-0952-47A0-92D0-56FE213E6A68_1_105_c-768x513.jpeg 768w, https:\/\/ergotherapie-andrae.at\/wordpress\/wp-content\/uploads\/2026\/01\/BBD0EBBC-0952-47A0-92D0-56FE213E6A68_1_105_c.jpeg 1084w\" sizes=\"auto, (max-width: 1024px) 100vw, 1024px\" \/><\/figure>\n<\/div>\n\n\n<p>Ich bin seit&nbsp;<strong>2009 als Ergotherapeutin in \u00d6sterreich<\/strong>&nbsp;t\u00e4tig und arbeite mit viel Herz im&nbsp;<strong>Kinderbereich<\/strong>. Die Arbeit mit Kindern bereitet mir gro\u00dfe Freude \u2013 vor allem, weil jedes Kind seine ganz eigene Pers\u00f6nlichkeit und sein eigenes Tempo mitbringt.<\/p>\n\n\n\n<p>Auch privat spielen Kinder eine gro\u00dfe Rolle in meinem Leben:&nbsp;<strong>Ich bin verheiratet und selbst Mama von zwei Kindern<\/strong>. Dadurch kenne ich viele Herausforderungen, Sorgen, aber auch die kleinen und gro\u00dfen Erfolge aus dem Familienalltag nicht nur aus beruflicher, sondern auch aus pers\u00f6nlicher Sicht.<\/p>\n\n\n\n<p>Bewegung war f\u00fcr mich schon immer ein wichtiger Bestandteil meines Lebens. In meiner&nbsp;<strong>eigenen Praxis<\/strong>&nbsp;kann ich diese Begeisterung mit meiner Arbeit verbinden und Kinder auf ihrem Weg spielerisch, alltagsnah und individuell begleiten.<\/p>\n\n\n\n<p>Ein weiterer fachlicher Schwerpunkt liegt im Bereich der&nbsp;<strong>Handtherapie<\/strong>. Aus diesem Interesse heraus habe ich mich kontinuierlich weitergebildet und im Jahr&nbsp;<strong>2017 die Ausbildung zur zertifizierten Handtherapeutin (AfH)<\/strong>&nbsp;erfolgreich abgeschlossen.<\/p>\n\n\n\n<p>Auch im Kinderbereich habe ich mich gezielt auf die&nbsp;<strong>Fein- und Grafomotorik<\/strong>&nbsp;spezialisiert. Besonders&nbsp;<strong>Schulanf\u00e4nger:innen<\/strong>&nbsp;profitieren von meinem grafomotorischen F\u00f6rderkonzept, das stets&nbsp;<strong>bewegungsorientiert<\/strong>&nbsp;aufgebaut ist. Schreiben, Malen und vorbereitende Handfunktionen werden dabei nicht isoliert trainiert, sondern immer im Zusammenspiel mit dem gesamten K\u00f6rper erlebt, erlernt und gefestigt.<\/p>\n\n\n<div class=\"wp-block-image\">\n<figure class=\"alignright size-large is-resized\"><img loading=\"lazy\" decoding=\"async\" width=\"1024\" height=\"684\" src=\"https:\/\/ergotherapie-andrae.at\/wordpress\/wp-content\/uploads\/2026\/01\/EC5182CE-59BB-4DCA-A533-61F97E20DAE4_1_105_c-1024x684.jpeg\" alt=\"\" class=\"wp-image-89\" style=\"aspect-ratio:1.4970972218288918;width:419px;height:auto\" srcset=\"https:\/\/ergotherapie-andrae.at\/wordpress\/wp-content\/uploads\/2026\/01\/EC5182CE-59BB-4DCA-A533-61F97E20DAE4_1_105_c-1024x684.jpeg 1024w, https:\/\/ergotherapie-andrae.at\/wordpress\/wp-content\/uploads\/2026\/01\/EC5182CE-59BB-4DCA-A533-61F97E20DAE4_1_105_c-300x200.jpeg 300w, https:\/\/ergotherapie-andrae.at\/wordpress\/wp-content\/uploads\/2026\/01\/EC5182CE-59BB-4DCA-A533-61F97E20DAE4_1_105_c-768x513.jpeg 768w, https:\/\/ergotherapie-andrae.at\/wordpress\/wp-content\/uploads\/2026\/01\/EC5182CE-59BB-4DCA-A533-61F97E20DAE4_1_105_c.jpeg 1084w\" sizes=\"auto, (max-width: 1024px) 100vw, 1024px\" \/><\/figure>\n<\/div>\n\n\n<p>Gemeinsam mit meinem Hund&nbsp;<strong>Fire<\/strong>&nbsp;befinde ich mich derzeit in der Ausbildung zum Therapiehund-Team; die gemeinsame Pr\u00fcfung ist f\u00fcr&nbsp;<strong>M\u00e4rz 2026<\/strong>&nbsp;vorgesehen.<\/p>\n\n\n\n<h2 class=\"wp-block-heading\">Qualifikationen<\/h2>\n\n\n\n<ul class=\"wp-block-list\">\n<li>Ausbildung mit meinem Hundes zum Therapiebegleithunde Team (2025 &#8211; 2026)<\/li>\n\n\n\n<li>Aufrichtungsprozess bei SINE Konzept &#8211; Christine Amb\u00fchl (2025)<\/li>\n\n\n\n<li>FoKuS bei Imke Stropp &#8211; Fortbildung f\u00fcr Konzentration &amp; Selbstregulation (Jahresbegleitung 2024-2025)&nbsp;<\/li>\n\n\n\n<li>\u00dcbungsleiter Ballschule bei der Sportunion (2023)<\/li>\n\n\n\n<li>CO-OP mit Britta Winter (2023)<\/li>\n\n\n\n<li>Entspannte Hausaufgabensituation von Anne-Maria Tischmeyer (2023)<\/li>\n\n\n\n<li>Grafomotorik &amp; Handschrift von Britta Winter (2023)<\/li>\n\n\n\n<li>Elternberatung von Kati Lipka (2023)<\/li>\n\n\n\n<li>Therapie nach dem Wunstorfer Konzept von Britta Winter (2022)<\/li>\n\n\n\n<li>\u201eIn 2 Tagen von 0 auf bet\u00e4tigungsorientiert \u2013 moderne Ergotherapie in der P\u00e4diatrie leicht gemacht\u201c (2022)<\/li>\n\n\n\n<li>Fachtherapeutin f\u00fcr Fein- und Grafomotorik nach Pauli\/Kisch (2021)<\/li>\n\n\n\n<li>H\u00e4ndigkeitsprofil nach Prof.Dr. Elke Kraus (2021)<\/li>\n\n\n\n<li>Ergotherapie mit Kindern im Vorschulalter (2021)<\/li>\n\n\n\n<li>Hand und Pathologie durch Musikinstrumente (2020)<\/li>\n\n\n\n<li>Refresher und Kompetenztherapie in der Handrehabilitation (2020)<\/li>\n\n\n\n<li>\u201eKokontraktionstraining zur Verbesserung der Sitz- und Stifthaltung\u201c nach Stehn (2019)<\/li>\n\n\n\n<li>Der laterale Ellenbogenschmerz befunden und effizient behandeln (2019)<\/li>\n\n\n\n<li>\u201eHandgeschicklichkeit bei Kindern\u201c nach Ravensburger Therapiekonzept von Pauli und Kisch (2018) <\/li>\n\n\n\n<li>\u201eGeschickte H\u00e4nde\u201c nach Ravensburger Therapiekonzept von Pauli und Kisch (2018)<\/li>\n\n\n\n<li>Zertifizierte Handtherapeutin der AFH (2016-2017)<\/li>\n\n\n\n<li>Weiterbildung zum Thema \u201eHemiparese: Behandlung der oberen Extremit\u00e4t in Anlehnung an verschiedene Therapieverfahren\u201c (2016)<\/li>\n\n\n\n<li>Moorstempel-Massage (2015)<\/li>\n\n\n\n<li>Propriozeptives Sensomotorisches Taping (2013)<\/li>\n\n\n\n<li>Handrehabilitation (2013)<\/li>\n\n\n\n<li>\u201eSensorische Integrationstherapie\u201c nach Dr. Jean Ayres (2010-2011)<\/li>\n\n\n\n<li>Jin Shin Jyutsu (2010)<\/li>\n\n\n\n<li>\u201eDie Geb\u00e4rdenunterst\u00fctzte Kommunikation\u201c (2010)<\/li>\n\n\n\n<li>\u201eMotorisch-Perzeptioelle Diagnostik\u201c, Dr. Philip Streit (2009)<\/li>\n\n\n\n<li>\u201eSensorische Integration im Dialog\u201c nach Ulla Kiesling (2009)<\/li>\n<\/ul>\n\n\n\n<h2 class=\"wp-block-heading\">Beruflicher Werdegang<\/h2>\n\n\n\n<ul class=\"wp-block-list\">\n<li>Eigene Praxis in Reichenau i.M. (2020 \u2013 heute)<\/li>\n\n\n\n<li>Freiberufliche Ergotherapeutin \u2013 Bezirk Linz\/Freistadt (2015 \u2013 2021)<\/li>\n\n\n\n<li>Ergotherapie im Mobilen-Dienst \u2013 Volkshilfe Linz (2013 \u2013 2021)<\/li>\n<\/ul>\n\n\n\n<p><\/p>\n\n\n\n<ul class=\"wp-block-list\">\n<li>Ergotherapie im Heilp\u00e4dagogischen Kindergarten und IZB \u2013 Bezirk Judenburg\/Scheifling- arcus Personalmanagement GmbH (2009 \u2013 2012)<\/li>\n\n\n\n<li>Freiberufliche Ergotherapeutin \u2013 Bezirk Judenburg (2009 \u2013 2011)<\/li>\n<\/ul>\n\n\n\n<p><\/p>\n\n\n\n<ul class=\"wp-block-list\">\n<li>Ergotherapie in der Geriatrie \u2013 Altenwohn- und Pflegeheim Haus am Berg (2008) <\/li>\n\n\n\n<li>Abschluss der Ausbildung zur Ergotherapeutin \u2013 Fortis-Akademie (2007)<\/li>\n<\/ul>\n\n\n\n<div style=\"height:55px\" aria-hidden=\"true\" class=\"wp-block-spacer\"><\/div>\n\n\n\n<h1 class=\"wp-block-heading\">Fire<\/h1>\n\n\n\n<p>Therapiehund in Ausbildung<\/p>\n\n\n\n<h2 class=\"wp-block-heading\">Pers\u00f6nliches<\/h2>\n\n\n\n<p>Ich bin&nbsp;<strong>Fire<\/strong>, ein braun-wei\u00dfer Border Collie, geboren am&nbsp;<strong>12. August 2023<\/strong>&nbsp;in Ober\u00f6sterreich. Eigentlich h\u00e4tte ich zu einer anderen Familie ziehen sollen, doch das Leben hatte andere Pl\u00e4ne \u2013 und am Ende bin ich genau bei meiner jetzigen Familie gelandet. Schon beim ersten Treffen habe ich mich in ihre Herzen gekuschelt, und seitdem sind wir ein Team.<\/p>\n\n\n\n<figure class=\"wp-block-gallery has-nested-images columns-default is-cropped wp-block-gallery-1 is-layout-flex wp-block-gallery-is-layout-flex\">\n<figure class=\"wp-block-image size-large\"><img loading=\"lazy\" decoding=\"async\" width=\"1024\" height=\"768\" data-id=\"139\" src=\"https:\/\/ergotherapie-andrae.at\/wordpress\/wp-content\/uploads\/2026\/01\/IMG_4403-1024x768.jpeg\" alt=\"\" class=\"wp-image-139\" srcset=\"https:\/\/ergotherapie-andrae.at\/wordpress\/wp-content\/uploads\/2026\/01\/IMG_4403-1024x768.jpeg 1024w, https:\/\/ergotherapie-andrae.at\/wordpress\/wp-content\/uploads\/2026\/01\/IMG_4403-300x225.jpeg 300w, https:\/\/ergotherapie-andrae.at\/wordpress\/wp-content\/uploads\/2026\/01\/IMG_4403-768x576.jpeg 768w, https:\/\/ergotherapie-andrae.at\/wordpress\/wp-content\/uploads\/2026\/01\/IMG_4403-1536x1152.jpeg 1536w, https:\/\/ergotherapie-andrae.at\/wordpress\/wp-content\/uploads\/2026\/01\/IMG_4403-2048x1536.jpeg 2048w\" sizes=\"auto, (max-width: 1024px) 100vw, 1024px\" \/><figcaption class=\"wp-element-caption\">Ich als Puppy.<\/figcaption><\/figure>\n\n\n\n<figure class=\"wp-block-image size-large\"><img loading=\"lazy\" decoding=\"async\" width=\"1024\" height=\"684\" data-id=\"140\" src=\"https:\/\/ergotherapie-andrae.at\/wordpress\/wp-content\/uploads\/2026\/01\/DSC_4422-1024x684.jpg\" alt=\"\" class=\"wp-image-140\" srcset=\"https:\/\/ergotherapie-andrae.at\/wordpress\/wp-content\/uploads\/2026\/01\/DSC_4422-1024x684.jpg 1024w, https:\/\/ergotherapie-andrae.at\/wordpress\/wp-content\/uploads\/2026\/01\/DSC_4422-300x200.jpg 300w, https:\/\/ergotherapie-andrae.at\/wordpress\/wp-content\/uploads\/2026\/01\/DSC_4422-768x513.jpg 768w\" sizes=\"auto, (max-width: 1024px) 100vw, 1024px\" \/><figcaption class=\"wp-element-caption\">Wir sind ein Team<\/figcaption><\/figure>\n\n\n\n<figure class=\"wp-block-image size-large\"><img loading=\"lazy\" decoding=\"async\" width=\"1024\" height=\"683\" data-id=\"137\" src=\"https:\/\/ergotherapie-andrae.at\/wordpress\/wp-content\/uploads\/2026\/01\/A6707208-1024x683.jpg\" alt=\"\" class=\"wp-image-137\" srcset=\"https:\/\/ergotherapie-andrae.at\/wordpress\/wp-content\/uploads\/2026\/01\/A6707208-1024x683.jpg 1024w, https:\/\/ergotherapie-andrae.at\/wordpress\/wp-content\/uploads\/2026\/01\/A6707208-300x200.jpg 300w, https:\/\/ergotherapie-andrae.at\/wordpress\/wp-content\/uploads\/2026\/01\/A6707208-768x512.jpg 768w\" sizes=\"auto, (max-width: 1024px) 100vw, 1024px\" \/><figcaption class=\"wp-element-caption\">Ich und mein Frauchen<\/figcaption><\/figure>\n\n\n\n<figure class=\"wp-block-image size-large\"><img loading=\"lazy\" decoding=\"async\" width=\"1024\" height=\"684\" data-id=\"136\" src=\"https:\/\/ergotherapie-andrae.at\/wordpress\/wp-content\/uploads\/2026\/01\/DSC_4625-1-1024x684.jpg\" alt=\"\" class=\"wp-image-136\" srcset=\"https:\/\/ergotherapie-andrae.at\/wordpress\/wp-content\/uploads\/2026\/01\/DSC_4625-1-1024x684.jpg 1024w, https:\/\/ergotherapie-andrae.at\/wordpress\/wp-content\/uploads\/2026\/01\/DSC_4625-1-300x200.jpg 300w, https:\/\/ergotherapie-andrae.at\/wordpress\/wp-content\/uploads\/2026\/01\/DSC_4625-1-768x513.jpg 768w\" sizes=\"auto, (max-width: 1024px) 100vw, 1024px\" \/><\/figure>\n<\/figure>\n\n\n\n<p>Von klein auf war ich ein&nbsp;<strong>neugieriger Welpe<\/strong>: Ich habe Uromas und Tanten in Deutschland besucht, war im Urlaub im Wald und an einer Talsperre \u2013 und habe dort gleich das Schwimmen gelernt!<\/p>\n\n\n\n<p>Nat\u00fcrlich gab es auch Herausforderungen: Nach einer Begegnung mit einem Nachbarshund war ich zun\u00e4chst vorsichtig und unsicher im Umgang mit anderen Hunden. Deshalb haben wir die&nbsp;<strong>Hundeschule besucht<\/strong>, wo ich St\u00fcck f\u00fcr St\u00fcck Vertrauen aufgebaut habe. Heute gehe ich jede Woche voller Freude zu meinem Training und lerne immer Neues. Besonders stolz bin ich auf meine&nbsp;<strong>erste Pr\u00fcfung<\/strong>, bei der ich gezeigt habe, dass in mir ein kleines Feuer brennt \u2013 genau wie mein Name.<\/p>\n\n\n\n<p>Neben der Ausbildung zum Therapiehund liebe ich&nbsp;<strong>Rally Obedience<\/strong>, eine Sportart, bei der ich gemeinsam mit meinem Frauchen einen Parcours mit \u00dcbungen wie \u201eSitz!\u201c, \u201ePlatz!\u201c oder \u201eDreh dich!\u201c absolviere. Dabei macht mir das gemeinsame Training und Lob besonders Spa\u00df.<\/p>\n\n\n\n<p>Diesen Sommer habe ich viele neue Orte kennengelernt: St\u00e4dte, Nationalparks, Stand-Up-Paddeln und Tretbootfahren \u2013 sogar mehrmals die Rutsche hinunter! Meine Familie sagt, ich sei ein kleiner Monk, weil ich zuverl\u00e4ssig daran erinnere, dass die Kaninchen abends ins H\u00e4uschen m\u00fcssen.<\/p>\n\n\n\n<p>Ich habe meine <strong>Pr\u00fcfung<\/strong> <strong>bestanden<\/strong>, jetzt darf ich mein Frauchen in ihrer Praxis bei der Arbeit mit Kindern und Erwachsenen unterst\u00fctzen, Mut machen, motivieren und helfen, spielerisch Neues zu lernen. Ich freue mich sehr, Kinder und Erwachsene auf ihrem Weg zu begleiten und sie zu ermutigen, \u00fcber sich hinauszuwachsen.<\/p>\n\n\n\n<p>\u201eWuff, ich muss euch da noch etwas erz\u00e4hlen: Ich darf meine Arbeit als Therapiebegleithund nur machen, wenn ich jedes Jahr meine Pr\u00fcfung bestehe. Ganz sch\u00f6n aufregend, oder?<br>Mein Frauchen sagt immer, das ist wichtig f\u00fcr die Qualit\u00e4tssicherung \u2013 ich glaube, das bedeutet einfach, dass ich weiterhin mein Bestes gebe und zeige, wie gut ich die Menschen unterst\u00fctzen kann und das es dabei auch mir gut geht. <\/p>\n\n\n\n<h2 class=\"wp-block-heading\">Qualifikationen<\/h2>\n\n\n\n<ul class=\"wp-block-list\">\n<li>Zertifizierter Therapie-Begleithund 2026<\/li>\n\n\n\n<li>IBgH &#8211; 1 (11\/2025)<\/li>\n\n\n\n<li>MHT \/ BH &#8211; VT (05\/2025)<\/li>\n<\/ul>\n\n\n\n<div class=\"wp-block-columns is-layout-flex wp-container-core-columns-is-layout-9d6595d7 wp-block-columns-is-layout-flex\">\n<div class=\"wp-block-column is-layout-flow wp-block-column-is-layout-flow\" style=\"flex-basis:100%\">\n<div class=\"wp-block-group\"><div class=\"wp-block-group__inner-container is-layout-constrained wp-block-group-is-layout-constrained\">\n<div class=\"wp-block-columns is-layout-flex wp-container-core-columns-is-layout-9d6595d7 wp-block-columns-is-layout-flex\">\n<div class=\"wp-block-column is-vertically-aligned-top is-layout-flow wp-block-column-is-layout-flow\" style=\"flex-basis:100%\">\n<figure class=\"wp-block-gallery has-nested-images columns-default is-cropped wp-block-gallery-2 is-layout-flex wp-block-gallery-is-layout-flex\">\n<figure class=\"wp-block-image size-large\"><img loading=\"lazy\" decoding=\"async\" width=\"768\" height=\"1024\" data-id=\"138\" src=\"https:\/\/ergotherapie-andrae.at\/wordpress\/wp-content\/uploads\/2026\/01\/IMG_4705-768x1024.jpeg\" alt=\"\" class=\"wp-image-138\" srcset=\"https:\/\/ergotherapie-andrae.at\/wordpress\/wp-content\/uploads\/2026\/01\/IMG_4705-768x1024.jpeg 768w, https:\/\/ergotherapie-andrae.at\/wordpress\/wp-content\/uploads\/2026\/01\/IMG_4705-225x300.jpeg 225w, https:\/\/ergotherapie-andrae.at\/wordpress\/wp-content\/uploads\/2026\/01\/IMG_4705-1152x1536.jpeg 1152w, https:\/\/ergotherapie-andrae.at\/wordpress\/wp-content\/uploads\/2026\/01\/IMG_4705-1536x2048.jpeg 1536w, https:\/\/ergotherapie-andrae.at\/wordpress\/wp-content\/uploads\/2026\/01\/IMG_4705-scaled.jpeg 1920w\" sizes=\"auto, (max-width: 768px) 100vw, 768px\" \/><\/figure>\n\n\n\n<figure class=\"wp-block-image size-large\"><img loading=\"lazy\" decoding=\"async\" width=\"670\" height=\"1024\" data-id=\"213\" src=\"https:\/\/ergotherapie-andrae.at\/wordpress\/wp-content\/uploads\/2026\/04\/7c8c60f5-f5ef-4c3c-b7c3-28b2487e025d-670x1024.jpg\" alt=\"\" class=\"wp-image-213\" srcset=\"https:\/\/ergotherapie-andrae.at\/wordpress\/wp-content\/uploads\/2026\/04\/7c8c60f5-f5ef-4c3c-b7c3-28b2487e025d-670x1024.jpg 670w, https:\/\/ergotherapie-andrae.at\/wordpress\/wp-content\/uploads\/2026\/04\/7c8c60f5-f5ef-4c3c-b7c3-28b2487e025d-196x300.jpg 196w, https:\/\/ergotherapie-andrae.at\/wordpress\/wp-content\/uploads\/2026\/04\/7c8c60f5-f5ef-4c3c-b7c3-28b2487e025d-768x1174.jpg 768w, https:\/\/ergotherapie-andrae.at\/wordpress\/wp-content\/uploads\/2026\/04\/7c8c60f5-f5ef-4c3c-b7c3-28b2487e025d.jpg 970w\" sizes=\"auto, (max-width: 670px) 100vw, 670px\" \/><\/figure>\n<\/figure>\n<\/div>\n<\/div>\n<\/div><\/div>\n<\/div>\n<\/div>\n\n\n\n<div style=\"height:55px\" aria-hidden=\"true\" class=\"wp-block-spacer\"><\/div>\n\n\n\n<h1 class=\"wp-block-heading\">RoXie<\/h1>\n\n\n\n<p>Unser Stift- &amp; Formenprofi<\/p>\n\n\n\n<h2 class=\"wp-block-heading\">Pers\u00f6nliches<\/h2>\n\n\n\n<p>RoXie ist ein kleines blaues Monster \u2013 flauschig, neugierig und immer ein bisschen aufgeregt, wenn er neue Kinder kennenlernt.<\/p>\n\n\n\n<p>Er kommt aus dem geheimnisvollen&nbsp;<strong>Formenland<\/strong>. Dort wohnen Kreise, Vierecke, Dreiecke, Linien und noch viele andere Formen in bunten St\u00e4dten. Im Formenland gibt es sogar eine besondere Schule: die&nbsp;<strong>Stift-Akademie<\/strong>.<\/p>\n\n\n\n<p>RoXie war dort einer der flei\u00dfigsten Sch\u00fcler. Er hat gelernt, wie aus Formen sp\u00e4ter Buchstaben und Zahlen werden \u2013 und warum Kinder daf\u00fcr nicht nur ihren Kopf brauchen, sondern auch etwas ganz Wichtiges:<\/p>\n\n\n\n<p><strong>Geschickte Finger.<\/strong><\/p>\n\n\n\n<p>Denn RoXie sagt immer:<br>\u201eOhne flinke Finger wird Schreiben ganz sch\u00f6n schwer!\u201c<\/p>\n\n\n\n<p>Sein ganzer Stolz ist sein&nbsp;<strong>Zauberstift<\/strong>. Der kann zwar nicht von allein schreiben \u2013 aber er zeigt RoXie, welche Bewegungen Kinder brauchen, damit Schreiben sp\u00e4ter leichter wird: Linien, B\u00f6gen, Formen, die richtige Richtung und die passende Fingerbewegung.<\/p>\n\n\n\n<p>Eines Tages h\u00f6rte RoXie, dass es in einer Praxis einen Kurs f\u00fcr Schulanf\u00e4nger gibt \u2013 mit dem Ziel, Kinder auf die Schule vorzubereiten. Da wusste RoXie sofort:<\/p>\n\n\n\n<p>\u201eDa will ich helfen!\u201c<\/p>\n\n\n\n<p>Seitdem ist RoXie&nbsp;<strong>mein kleiner Kollege<\/strong>&nbsp;im Kurs \u201eStift- &amp; Formenprofi\u201c. Gemeinsam trainieren wir in der Praxis Woche f\u00fcr Woche wichtige Grundlagen: ein waches Gehirn, gutes Sitzen, starke H\u00e4nde und geschickte Finger \u2013 und nat\u00fcrlich Formen, die sp\u00e4ter f\u00fcr Buchstaben gebraucht werden.<\/p>\n\n\n\n<p>Und weil RoXie wei\u00df, dass Tricks nur dann wirklich sitzen, wenn man sie wiederholt, bekommen die Kinder auch kleine \u00dcbungen f\u00fcr Zuhause. Denn nur so kann das Gelernte richtig fest werden.<\/p>\n\n\n\n<p>Am Ende gibt es eine Abschlussstunde mit Wiederholung, eine Urkunde und ein kleines Geschenk \u2013 und RoXie fl\u00fcstert jedem Kind zu:<\/p>\n\n\n\n<p>\u201eDu bist ein Stift- &amp; Formenprofi. Deine Finger k\u00f6nnen das schon. Du kannst alles schaffen.\u201c<\/p>\n\n\n\n<figure class=\"wp-block-gallery has-nested-images columns-default is-cropped wp-block-gallery-3 is-layout-flex wp-block-gallery-is-layout-flex\">\n<figure class=\"wp-block-image size-large\"><img loading=\"lazy\" decoding=\"async\" width=\"1920\" height=\"2560\" data-id=\"184\" src=\"https:\/\/ergotherapie-andrae.at\/wordpress\/wp-content\/uploads\/2026\/02\/IMG_1323-1-scaled.jpeg\" alt=\"\" class=\"wp-image-184\" srcset=\"https:\/\/ergotherapie-andrae.at\/wordpress\/wp-content\/uploads\/2026\/02\/IMG_1323-1-scaled.jpeg 1920w, https:\/\/ergotherapie-andrae.at\/wordpress\/wp-content\/uploads\/2026\/02\/IMG_1323-1-225x300.jpeg 225w\" sizes=\"auto, (max-width: 1920px) 100vw, 1920px\" \/><figcaption class=\"wp-element-caption\">RoXie<\/figcaption><\/figure>\n\n\n\n<figure class=\"wp-block-image size-large\"><img loading=\"lazy\" decoding=\"async\" width=\"2560\" height=\"1920\" data-id=\"185\" src=\"https:\/\/ergotherapie-andrae.at\/wordpress\/wp-content\/uploads\/2026\/02\/IMG_4718-scaled.jpeg\" alt=\"\" class=\"wp-image-185\" srcset=\"https:\/\/ergotherapie-andrae.at\/wordpress\/wp-content\/uploads\/2026\/02\/IMG_4718-scaled.jpeg 2560w, https:\/\/ergotherapie-andrae.at\/wordpress\/wp-content\/uploads\/2026\/02\/IMG_4718-300x225.jpeg 300w\" sizes=\"auto, (max-width: 2560px) 100vw, 2560px\" \/><figcaption class=\"wp-element-caption\">Der Stift-&amp; Formenprofi Ordner<\/figcaption><\/figure>\n<\/figure>\n\n\n\n<h2 class=\"wp-block-heading\">Qualifikationen<\/h2>\n\n\n\n<ul class=\"wp-block-list\">\n<li>Experte f\u00fcr flinke Finger und starke H\u00e4nde<\/li>\n\n\n\n<li>F\u00f6rdert Fingerkraft, Koordination und Handgeschicklichkeit<\/li>\n\n\n\n<li>Experte f\u00fcr die richtige Sitzhaltung<\/li>\n\n\n\n<li>Unterst\u00fctzt eine entspannte und sichere Stifthaltung<\/li>\n<\/ul>\n\n\n\n<div style=\"height:55px\" aria-hidden=\"true\" class=\"wp-block-spacer\"><\/div>\n\n\n\n<h1 class=\"wp-block-heading\">Captain FoKuS<\/h1>\n\n\n\n<p>Unser Begleiter vom Planeten FoKuS<\/p>\n\n\n\n<h2 class=\"wp-block-heading\">Pers\u00f6nliches <\/h2>\n\n\n\n<p>Captain FoKuS hat eine lange Reise hinter sich: Vom Planeten&nbsp;<strong>FoKuS<\/strong>&nbsp;ist er bei uns gelandet, um Kinder, Familien und unser Team auf dem Weg zu mehr Selbstregulation, Konzentration und Leichtigkeit zu begleiten.<\/p>\n\n\n\n<p>Auf seinem Heimatplaneten leben nur diejenigen, die speziell darin ausgebildet sind, f\u00fcr jede Herausforderung passende Strategien zu finden \u2013 nicht irgendeine L\u00f6sung, sondern eine, die wirklich in den Alltag der jeweiligen Familie passt.<\/p>\n\n\n\n<p>Captain FoKuS ist immer dann an unserer Seite, wenn es schwierig wird: wenn die Motivation fehlt, wenn K\u00f6pfe rauchen, wenn Frust auftaucht oder ein Ziel pl\u00f6tzlich ganz weit weg wirkt. Mit Humor, Ruhe und kleinen, alltagstauglichen Ideen hilft er dabei, wieder Kurs aufzunehmen.<\/p>\n\n\n\n<p>Gemeinsam unterst\u00fctzen wir so unsere Klient:innen dabei, ihr \u201eRaumschiff\u201c Schritt f\u00fcr Schritt selbstst\u00e4ndig und fokussiert zu steuern \u2013 und sicher am eigenen Ziel anzukommen.<\/p>\n\n\n\n<figure class=\"wp-block-gallery has-nested-images columns-default is-cropped wp-block-gallery-4 is-layout-flex wp-block-gallery-is-layout-flex\">\n<figure class=\"wp-block-image size-large\"><img loading=\"lazy\" decoding=\"async\" width=\"1920\" height=\"2560\" data-id=\"178\" src=\"https:\/\/ergotherapie-andrae.at\/wordpress\/wp-content\/uploads\/2026\/02\/IMG_4834-scaled.jpeg\" alt=\"\" class=\"wp-image-178\"\/><figcaption class=\"wp-element-caption\">Ah, der neue Kollege. <\/figcaption><\/figure>\n\n\n\n<figure class=\"wp-block-image size-large\"><img loading=\"lazy\" decoding=\"async\" width=\"1920\" height=\"2560\" data-id=\"172\" src=\"https:\/\/ergotherapie-andrae.at\/wordpress\/wp-content\/uploads\/2026\/02\/IMG_4847-1-scaled.jpeg\" alt=\"\" class=\"wp-image-172\"\/><figcaption class=\"wp-element-caption\">Captain FoKuS<\/figcaption><\/figure>\n\n\n\n<figure class=\"wp-block-image size-large\"><img loading=\"lazy\" decoding=\"async\" width=\"1002\" height=\"1024\" data-id=\"177\" src=\"https:\/\/ergotherapie-andrae.at\/wordpress\/wp-content\/uploads\/2026\/02\/IMG_4842-1002x1024.jpeg\" alt=\"\" class=\"wp-image-177\" srcset=\"https:\/\/ergotherapie-andrae.at\/wordpress\/wp-content\/uploads\/2026\/02\/IMG_4842-1002x1024.jpeg 1002w, https:\/\/ergotherapie-andrae.at\/wordpress\/wp-content\/uploads\/2026\/02\/IMG_4842-293x300.jpeg 293w, https:\/\/ergotherapie-andrae.at\/wordpress\/wp-content\/uploads\/2026\/02\/IMG_4842-768x785.jpeg 768w, https:\/\/ergotherapie-andrae.at\/wordpress\/wp-content\/uploads\/2026\/02\/IMG_4842-1502x1536.jpeg 1502w, https:\/\/ergotherapie-andrae.at\/wordpress\/wp-content\/uploads\/2026\/02\/IMG_4842-2003x2048.jpeg 2003w\" sizes=\"auto, (max-width: 1002px) 100vw, 1002px\" \/><figcaption class=\"wp-element-caption\">Willkommen im Team. <\/figcaption><\/figure>\n<\/figure>\n\n\n\n<h2 class=\"wp-block-heading\">Qualifikationen<\/h2>\n\n\n\n<ul class=\"wp-block-list\">\n<li>Experte f\u00fcr&nbsp;Selbstregulation &amp; Emotionssteuerung<\/li>\n\n\n\n<li>Spezialist f\u00fcr&nbsp;Aufmerksamkeit, Konzentration &amp; Fokus<\/li>\n\n\n\n<li>Profi f\u00fcr&nbsp;Alltagsstrategien, die wirklich funktionieren (auch zuhause &amp; in der Schule)<\/li>\n\n\n\n<li>Trainer f\u00fcr&nbsp;Motivation, Durchhalteverm\u00f6gen &amp; Zielerreichung<\/li>\n\n\n\n<li>Unterst\u00fctzer bei&nbsp;Frustrationstoleranz&nbsp;und \u201eWenn\u2019s nicht klappt\u201c-Momenten<\/li>\n\n\n\n<li>Meister in&nbsp;Humor, Leichtigkeit &amp; Perspektivenwechsel<\/li>\n\n\n\n<li>Navigator f\u00fcr&nbsp;Schritt-f\u00fcr-Schritt-L\u00f6sungen&nbsp;statt \u00dcberforderung<\/li>\n\n\n\n<li>Teamplayer f\u00fcr&nbsp;Familienarbeit&nbsp;und individuelle Begleitung<\/li>\n<\/ul>\n","protected":false},"excerpt":{"rendered":"<p>Stephanie Andr\u00e4 Ergotherapeutin und Handtherapeutin Pers\u00f6nliches Ich bin seit&nbsp;2009 als Ergotherapeutin in \u00d6sterreich&nbsp;t\u00e4tig und arbeite mit viel Herz im&nbsp;Kinderbereich. Die Arbeit mit Kindern bereitet mir gro\u00dfe Freude \u2013 vor allem, &#8230;<\/p>\n","protected":false},"author":1,"featured_media":0,"parent":0,"menu_order":0,"comment_status":"closed","ping_status":"closed","template":"","meta":{"footnotes":""},"class_list":["post-11","page","type-page","status-publish","hentry"],"_links":{"self":[{"href":"https:\/\/ergotherapie-andrae.at\/index.php?rest_route=\/wp\/v2\/pages\/11","targetHints":{"allow":["GET"]}}],"collection":[{"href":"https:\/\/ergotherapie-andrae.at\/index.php?rest_route=\/wp\/v2\/pages"}],"about":[{"href":"https:\/\/ergotherapie-andrae.at\/index.php?rest_route=\/wp\/v2\/types\/page"}],"author":[{"embeddable":true,"href":"https:\/\/ergotherapie-andrae.at\/index.php?rest_route=\/wp\/v2\/users\/1"}],"replies":[{"embeddable":true,"href":"https:\/\/ergotherapie-andrae.at\/index.php?rest_route=%2Fwp%2Fv2%2Fcomments&post=11"}],"version-history":[{"count":22,"href":"https:\/\/ergotherapie-andrae.at\/index.php?rest_route=\/wp\/v2\/pages\/11\/revisions"}],"predecessor-version":[{"id":215,"href":"https:\/\/ergotherapie-andrae.at\/index.php?rest_route=\/wp\/v2\/pages\/11\/revisions\/215"}],"wp:attachment":[{"href":"https:\/\/ergotherapie-andrae.at\/index.php?rest_route=%2Fwp%2Fv2%2Fmedia&parent=11"}],"curies":[{"name":"wp","href":"https:\/\/api.w.org\/{rel}","templated":true}]}}