{"id":18,"date":"2022-10-30T11:34:25","date_gmt":"2022-10-30T11:34:25","guid":{"rendered":"https:\/\/ergotherapie-andrae.at\/?page_id=18"},"modified":"2022-10-30T11:45:04","modified_gmt":"2022-10-30T11:45:04","slug":"impressum","status":"publish","type":"page","link":"https:\/\/ergotherapie-andrae.at\/?page_id=18","title":{"rendered":"IMPRESSUM"},"content":{"rendered":"\n<p>Allgemeine Informationspflichten gem \u00a7 5 E-Commerce-Gesetz (ECG)<\/p>\n\n\n\n<h2 class=\"wp-block-heading\">Name<\/h2>\n\n\n\n<p>Stephanie Andr\u00e4<\/p>\n\n\n\n<h3 class=\"wp-block-heading\">Standort der Gewerbeberechtigung<\/h3>\n\n\n\n<p>Brunnenweg 8<br>4204 Reichenau im M\u00fchlkreis<\/p>\n\n\n\n<h3 class=\"wp-block-heading\">Kontaktdaten<\/h3>\n\n\n\n<p>Tel: +43 664 370 43 22<br>Email: info@Ergotherapie-Andrae.at<\/p>\n\n\n\n<h3 class=\"wp-block-heading\">Unternehmensgegenstand<\/h3>\n\n\n\n<p>Ergotherapie<\/p>\n\n\n\n<h3 class=\"wp-block-heading\">Berufsbezeichnung<\/h3>\n\n\n\n<p>Ergotherapeutin<\/p>\n\n\n\n<h3 class=\"wp-block-heading\">Blattlinie<\/h3>\n\n\n\n<p>Mein Anliegen: Information \u00fcber Ergotherapie, den Weg zur Therapie, die H\u00f6he der Kosten f\u00fcr erbrachte Leistung, Informationen zur meine Person<\/p>\n\n\n\n<h2 class=\"wp-block-heading\">OFFENLEGUNG NACH MEDIENGESETZ<\/h2>\n\n\n\n<h3 class=\"wp-block-heading\">Medieninhaberin<\/h3>\n\n\n\n<p>Stephanie Andr\u00e4<\/p>\n\n\n\n<h3 class=\"wp-block-heading\">Unternehmensgegenstand<\/h3>\n\n\n\n<p>Ergotherapie<\/p>\n\n\n\n<h3 class=\"wp-block-heading\">Ort der Hauptniederlassung<\/h3>\n\n\n\n<p>Brunnenweg 8<br>4204 Reichenau im M\u00fchlkreis<\/p>\n\n\n\n<h2 class=\"wp-block-heading\">Copyright \/ Haftungsausschluss<\/h2>\n\n\n\n<p>Der Inhalt dieser Homepage ist urheberrechtlich gesch\u00fctzt. Die Informationen sind nur f\u00fcr die pers\u00f6nliche Verwendung bestimmt. Jede weitergehende Nutzung insbesondere die Speicherung in Datenbanken, Vervielf\u00e4ltigung und jede Form von gewerblicher Nutzung sowie die Weitergabe an Dritte \u2013 auch in Teilen oder in \u00fcberarbeiteter Form \u2013 ohne Zustimmung des Website-Inhabers ist untersagt<\/p>\n\n\n\n<p>Quelle: Informationen der WKO<\/p>\n","protected":false},"excerpt":{"rendered":"<p>Allgemeine Informationspflichten gem \u00a7 5 E-Commerce-Gesetz (ECG) Name Stephanie Andr\u00e4 Standort der Gewerbeberechtigung Brunnenweg 84204 Reichenau im M\u00fchlkreis Kontaktdaten Tel: +43 664 370 43 22Email: info@Ergotherapie-Andrae.at Unternehmensgegenstand Ergotherapie Berufsbezeichnung Ergotherapeutin &#8230;<\/p>\n","protected":false},"author":1,"featured_media":0,"parent":0,"menu_order":0,"comment_status":"closed","ping_status":"closed","template":"","meta":{"footnotes":""},"class_list":["post-18","page","type-page","status-publish","hentry"],"_links":{"self":[{"href":"https:\/\/ergotherapie-andrae.at\/index.php?rest_route=\/wp\/v2\/pages\/18","targetHints":{"allow":["GET"]}}],"collection":[{"href":"https:\/\/ergotherapie-andrae.at\/index.php?rest_route=\/wp\/v2\/pages"}],"about":[{"href":"https:\/\/ergotherapie-andrae.at\/index.php?rest_route=\/wp\/v2\/types\/page"}],"author":[{"embeddable":true,"href":"https:\/\/ergotherapie-andrae.at\/index.php?rest_route=\/wp\/v2\/users\/1"}],"replies":[{"embeddable":true,"href":"https:\/\/ergotherapie-andrae.at\/index.php?rest_route=%2Fwp%2Fv2%2Fcomments&post=18"}],"version-history":[{"count":1,"href":"https:\/\/ergotherapie-andrae.at\/index.php?rest_route=\/wp\/v2\/pages\/18\/revisions"}],"predecessor-version":[{"id":19,"href":"https:\/\/ergotherapie-andrae.at\/index.php?rest_route=\/wp\/v2\/pages\/18\/revisions\/19"}],"wp:attachment":[{"href":"https:\/\/ergotherapie-andrae.at\/index.php?rest_route=%2Fwp%2Fv2%2Fmedia&parent=18"}],"curies":[{"name":"wp","href":"https:\/\/api.w.org\/{rel}","templated":true}]}}