{"id":44,"date":"2023-02-24T14:44:45","date_gmt":"2023-02-24T14:44:45","guid":{"rendered":"https:\/\/ergotherapie-andrae.at\/?page_id=44"},"modified":"2026-02-13T10:31:01","modified_gmt":"2026-02-13T10:31:01","slug":"zusatzangebote","status":"publish","type":"page","link":"https:\/\/ergotherapie-andrae.at\/?page_id=44","title":{"rendered":"Stift- &amp; Formenprofi"},"content":{"rendered":"\n<hr class=\"wp-block-separator has-alpha-channel-opacity\"\/>\n\n\n<div class=\"wp-block-image\">\n<figure class=\"aligncenter size-large\"><img loading=\"lazy\" decoding=\"async\" width=\"1024\" height=\"355\" src=\"https:\/\/ergotherapie-andrae.at\/wordpress\/wp-content\/uploads\/2026\/02\/Bildschirmfoto-2026-02-13-um-11.23.25-1024x355.png\" alt=\"\" class=\"wp-image-203\" srcset=\"https:\/\/ergotherapie-andrae.at\/wordpress\/wp-content\/uploads\/2026\/02\/Bildschirmfoto-2026-02-13-um-11.23.25-1024x355.png 1024w, https:\/\/ergotherapie-andrae.at\/wordpress\/wp-content\/uploads\/2026\/02\/Bildschirmfoto-2026-02-13-um-11.23.25-300x104.png 300w, https:\/\/ergotherapie-andrae.at\/wordpress\/wp-content\/uploads\/2026\/02\/Bildschirmfoto-2026-02-13-um-11.23.25-768x266.png 768w, https:\/\/ergotherapie-andrae.at\/wordpress\/wp-content\/uploads\/2026\/02\/Bildschirmfoto-2026-02-13-um-11.23.25-1536x532.png 1536w, https:\/\/ergotherapie-andrae.at\/wordpress\/wp-content\/uploads\/2026\/02\/Bildschirmfoto-2026-02-13-um-11.23.25.png 1634w\" sizes=\"auto, (max-width: 1024px) 100vw, 1024px\" \/><\/figure>\n<\/div>\n\n\n<h2 class=\"wp-block-heading\">Stift- &amp; Formenprofi &#8211; Programm f\u00fcr Schulanf\u00e4nger:innen<\/h2>\n\n\n\n<p><strong>\u00dcber das Training<\/strong><\/p>\n\n\n\n<p>Dieses Training richtet sich an Schulanf\u00e4nger im letzten Kindergartenjahr und unterst\u00fctzt die Kinder gezielt bei der Vorbereitung auf den Schulstart.<\/p>\n\n\n\n<p>Im Gruppenangebot stehen folgende F\u00f6rderschwerpunkte im Mittelpunkt:<\/p>\n\n\n\n<ul class=\"wp-block-list\">\n<li>ein waches und aufmerksames Gehirn,<\/li>\n\n\n\n<li>richtiges Sitzen,<\/li>\n\n\n\n<li>sowie das Erkennen und Umsetzen von Formen, die sp\u00e4ter f\u00fcr das Schreiben von Buchstaben wichtig sind.<\/li>\n<\/ul>\n\n\n\n<p>Ein weiterer zentraler Bestandteil ist die Feinmotorik, insbesondere die Grafomotorik. Dabei geht es um grundlegende Bewegungen, die Kinder f\u00fcr das Schreiben und Malen ben\u00f6tigen.<\/p>\n\n\n\n<p><strong>Ablauf &amp; Elternarbeit<\/strong><\/p>\n\n\n\n<p>Das Training umfasst 8 Kindereinheiten sowie eine zus\u00e4tzliche Elterneinheit.<br>In jeder Woche lernen die Kinder einen neuen \u201eTrick\u201c, der ihnen hilft, das Gelernte im Alltag umzusetzen.<\/p>\n\n\n\n<p>Damit sich diese neuen F\u00e4higkeiten festigen und automatisieren k\u00f6nnen, ist das \u00dcben zu Hause besonders wichtig. Daf\u00fcr brauchen die Kinder eure Unterst\u00fctzung und Mithilfe \u2013 vielen Dank daf\u00fcr!<\/p>\n\n\n\n<p>Es findet eine separate Elterneinheit vor dem ersten Kindertermin statt. In dieser Stunde erhaltet ihr wichtige Informationen, Hintergr\u00fcnde und praktische Tipps zur optimalen Begleitung eures Kindes.<\/p>\n\n\n\n<p><strong>Abschluss<\/strong><\/p>\n\n\n\n<p>Zum Abschluss des Trainings gibt es eine gemeinsame Wiederholungsstunde, in der alle Inhalte noch einmal spielerisch gefestigt werden.<br>Nat\u00fcrlich d\u00fcrfen sich die Kinder au\u00dferdem \u00fcber eine Urkunde und ein kleines Geschenk freuen.<\/p>\n\n\n\n<p>Gruppengr\u00f6\u00dfe:&nbsp;4 bis 5 Kinder<\/p>\n\n\n<div class=\"wp-block-image is-style-default\">\n<figure class=\"aligncenter size-full is-resized\"><img loading=\"lazy\" decoding=\"async\" width=\"894\" height=\"870\" src=\"https:\/\/ergotherapie-andrae.at\/wordpress\/wp-content\/uploads\/2026\/02\/Bildschirmfoto-2026-02-13-um-11.30.30.png\" alt=\"\" class=\"wp-image-206\" style=\"aspect-ratio:0.966293777875265;width:397px;height:auto\" srcset=\"https:\/\/ergotherapie-andrae.at\/wordpress\/wp-content\/uploads\/2026\/02\/Bildschirmfoto-2026-02-13-um-11.30.30.png 894w, https:\/\/ergotherapie-andrae.at\/wordpress\/wp-content\/uploads\/2026\/02\/Bildschirmfoto-2026-02-13-um-11.30.30-300x292.png 300w, https:\/\/ergotherapie-andrae.at\/wordpress\/wp-content\/uploads\/2026\/02\/Bildschirmfoto-2026-02-13-um-11.30.30-768x747.png 768w\" sizes=\"auto, (max-width: 894px) 100vw, 894px\" \/><\/figure>\n<\/div>\n\n\n<h3 class=\"wp-block-heading\">Termine:<\/h3>\n\n\n\n<ul class=\"wp-block-list\">\n<li>immer Mittwoch bzw. Donnerstag von 16:15 -17:15 Uhr&nbsp;<\/li>\n\n\n\n<li>1. Gruppe: Starttermin 14.01.2026<\/li>\n\n\n\n<li>2. Gruppe: Starttermin 15.01.2026<\/li>\n\n\n\n<li>Weitere Gruppen und Termine je nach Anmeldungen <\/li>\n<\/ul>\n\n\n\n<h3 class=\"wp-block-heading\">Wo: <\/h3>\n\n\n\n<p>In der Praxis von mir, Brunnenweg 8, 4204 Reichenau i.M.<\/p>\n\n\n\n<h3 class=\"wp-block-heading\">Kosten:<\/h3>\n\n\n\n<p>\u20ac&nbsp;220,00 pro Kind und Kurs (f\u00fcr 1 Block mit 8 Einheiten + 1 Elterneinheit, inklusive Materialkosten)<\/p>\n\n\n\n<p>Da es sich um ein pr\u00e4ventives Angebot handelt, ist es eine reine Privatleistung und wird nicht von der Krankenkasse refundiert.<\/p>\n\n\n\n<h3 class=\"wp-block-heading\">Anmeldung oder weitere Informationen:<\/h3>\n\n\n\n<p>Anmeldung oder Informationen unter folgender Mail Adresse: info@ergotherapie-andrae.at<\/p>\n\n\n\n<p>Bitte den vollst\u00e4ndigen Name, das Geburtsdatum und H\u00e4ndigkeit des Kindes angeben sowie eine Telefonnummer. Vielen Dank. <\/p>\n\n\n\n<hr class=\"wp-block-separator has-alpha-channel-opacity\"\/>\n\n\n\n<div style=\"height:52px\" aria-hidden=\"true\" class=\"wp-block-spacer\"><\/div>\n\n\n\n<h2 class=\"wp-block-heading\">Seminar f\u00fcr P\u00e4dagog:innen zum Thema Stift- &amp; Formenprofi<\/h2>\n\n\n\n<p>Liebe Lehrer\/-innen, P\u00e4dagog\/-innen und Helfer\/-innen,&nbsp;<\/p>\n\n\n\n<p>Seit dem vergangenen Jahr darf ich dieses Seminar an der P\u00e4dagogischen Hochschule anbieten und Lehrpersonen in ihrer wichtigen Arbeit im ersten Schuljahr unterst\u00fctzen.<\/p>\n\n\n\n<p>Im Seminar <em>Stift- und Formenprofi<\/em> werden die Grundlagen des Schreibens sowie die damit verbundenen Basiskompetenzen vermittelt. Dazu z\u00e4hlen unter anderem:<\/p>\n\n\n\n<ul class=\"wp-block-list\">\n<li>Blattlage<\/li>\n\n\n\n<li>Sitzhaltung<\/li>\n\n\n\n<li>Stifthaltung<\/li>\n\n\n\n<li>Kraftdosierung<\/li>\n<\/ul>\n\n\n\n<p>Neben der Entwicklung von Mal- und Schreibf\u00e4higkeiten liegt ein besonderer Fokus auf praxisnahen \u00dcbungen zur F\u00f6rderung der Fein- und Grafomotorik bei Kindern.<\/p>\n\n\n\n<p><strong>Ziel &amp; Methodik<\/strong><\/p>\n\n\n\n<p>Ziel des Seminars ist es, ein fundiertes Verst\u00e4ndnis f\u00fcr fein- und grafomotorische Entwicklungsprozesse aufzubauen. Die theoretischen Inhalte werden durch praktische Selbsterfahrung erg\u00e4nzt, wodurch ein nachhaltiger Lernerfolg erm\u00f6glicht wird.<\/p>\n\n\n\n<p>Das erworbene Wissen kann direkt und gezielt im Schulalltag des ersten Schuljahres eingesetzt werden, um Kinder fr\u00fchzeitig, kompetent und individuell zu unterst\u00fctzen.<\/p>\n\n\n\n<p><strong>Austausch &amp; Materialien<\/strong><\/p>\n\n\n\n<p>Ein aktiver fachlicher Austausch ist fixer Bestandteil des Seminars. Dabei wird gezielt auf individuelle Fragestellungen aus dem Unterrichtsalltag eingegangen.<\/p>\n\n\n\n<p>Zus\u00e4tzlich erhalten alle Teilnehmer:innen ein Handout mit Informations- und \u00dcbungsmaterial, das sich ideal f\u00fcr die praktische Umsetzung im Unterricht eignet.<\/p>\n","protected":false},"excerpt":{"rendered":"<p>Stift- &amp; Formenprofi &#8211; Programm f\u00fcr Schulanf\u00e4nger:innen \u00dcber das Training Dieses Training richtet sich an Schulanf\u00e4nger im letzten Kindergartenjahr und unterst\u00fctzt die Kinder gezielt bei der Vorbereitung auf den Schulstart. &#8230;<\/p>\n","protected":false},"author":1,"featured_media":0,"parent":0,"menu_order":0,"comment_status":"closed","ping_status":"closed","template":"","meta":{"footnotes":""},"class_list":["post-44","page","type-page","status-publish","hentry"],"_links":{"self":[{"href":"https:\/\/ergotherapie-andrae.at\/index.php?rest_route=\/wp\/v2\/pages\/44","targetHints":{"allow":["GET"]}}],"collection":[{"href":"https:\/\/ergotherapie-andrae.at\/index.php?rest_route=\/wp\/v2\/pages"}],"about":[{"href":"https:\/\/ergotherapie-andrae.at\/index.php?rest_route=\/wp\/v2\/types\/page"}],"author":[{"embeddable":true,"href":"https:\/\/ergotherapie-andrae.at\/index.php?rest_route=\/wp\/v2\/users\/1"}],"replies":[{"embeddable":true,"href":"https:\/\/ergotherapie-andrae.at\/index.php?rest_route=%2Fwp%2Fv2%2Fcomments&post=44"}],"version-history":[{"count":31,"href":"https:\/\/ergotherapie-andrae.at\/index.php?rest_route=\/wp\/v2\/pages\/44\/revisions"}],"predecessor-version":[{"id":207,"href":"https:\/\/ergotherapie-andrae.at\/index.php?rest_route=\/wp\/v2\/pages\/44\/revisions\/207"}],"wp:attachment":[{"href":"https:\/\/ergotherapie-andrae.at\/index.php?rest_route=%2Fwp%2Fv2%2Fmedia&parent=44"}],"curies":[{"name":"wp","href":"https:\/\/api.w.org\/{rel}","templated":true}]}}